{"id":19264,"date":"2023-02-02T17:51:43","date_gmt":"2023-02-02T17:51:43","guid":{"rendered":"https:\/\/yokkfamily.com\/?post_type=product&#038;p=19264"},"modified":"2024-03-18T10:45:03","modified_gmt":"2024-03-18T10:45:03","slug":"doomu-burr-fall","status":"publish","type":"product","link":"https:\/\/yokkfamily.com\/index.php\/produit\/doomu-burr-fall\/","title":{"rendered":"Doomu Burr FALL"},"content":{"rendered":"<p>[vc_row side_background_title_typo=\u00a0\u00bbnull\u00a0\u00bb el_class=\u00a0\u00bbclb__padding_reset\u00a0\u00bb][vc_column width=\u00a0\u00bb7\/12&Prime;][ohio_heading subtitle_type_layout=\u00a0\u00bbwithout_subtitle\u00a0\u00bb module_type_layout=\u00a0\u00bbon_left\u00a0\u00bb heading_type=\u00a0\u00bbh5&Prime; title=\u00a0\u00bbRCVDMyVBOXRhaWxzJTIwZHUlMjBwcm9kdWl0JTIwJTNB\u00a0\u00bb title_typo=\u00a0\u00bbnull\u00a0\u00bb][ohio_text text_typo=\u00a0\u00bbnull\u00a0\u00bb]<\/p>\n<p>Le haut est confectionn\u00e9 \u00e0 partir d&rsquo;un tissu 100% coton aux motifs originaux, parfaitement adapt\u00e9 aux temp\u00e9ratures \u00e9lev\u00e9es. Son design est la fusion d&rsquo;une chemise italienne slim-fit, sans poche, avec un boubou traditionnel trois quart. Le pantalon bleu est confectionn\u00e9 avec un tissu super cent. Il est \u00e9galement parfaitement adapt\u00e9 aux temp\u00e9ratures \u00e9lev\u00e9es.<\/p>\n<p>Le nom \u00ab\u00a0Fall\u00a0\u00bb donn\u00e9 \u00e0 cet ensemble rend hommage \u00e0 Vieux Fall, le tailleur qui confectionne les tenues de Maison YOKK depuis 2020.[\/ohio_text][vc_row_inner][vc_column_inner width=\u00a0\u00bb1\/3&Prime; offset=\u00a0\u00bbvc_col-xs-4&Prime;][vc_empty_space el_class=\u00a0\u00bbclb__spacer\u00a0\u00bb][ohio_icon_box box_type_layout=\u00a0\u00bbtop_icon\u00a0\u00bb box_alignment=\u00a0\u00bbleft\u00a0\u00bb icon_type_layout=\u00a0\u00bbborder\u00a0\u00bb title=\u00a0\u00bbPrise de mesure \u00e0 Dakar\u00a0\u00bb icon_as_icon=\u00a0\u00bbfa fab fa-person-booth\u00a0\u00bb title_typo=\u00a0\u00bb{\u00ab\u00a0font_size\u00ab\u00a0:\u00ab\u00a018\u00ab\u00a0,\u00ab\u00a0line_height\u00ab\u00a0:\u00ab\u00a0\u00ab\u00a0,\u00ab\u00a0letter_spacing\u00ab\u00a0:\u00ab\u00a00.1\u00ab\u00a0,\u00ab\u00a0color\u00ab\u00a0:\u00ab\u00a0\u00ab\u00a0,\u00ab\u00a0weight\u00ab\u00a0:\u00ab\u00a0inherit\u00ab\u00a0,\u00ab\u00a0style\u00ab\u00a0:\u00ab\u00a0inherit\u00ab\u00a0,\u00ab\u00a0use_custom_font\u00ab\u00a0:false}\u00a0\u00bb description_typo=\u00a0\u00bbnull\u00a0\u00bb][\/vc_column_inner][vc_column_inner width=\u00a0\u00bb1\/3&Prime; offset=\u00a0\u00bbvc_col-xs-4&Prime;][vc_empty_space el_class=\u00a0\u00bbclb__spacer\u00a0\u00bb][ohio_icon_box box_type_layout=\u00a0\u00bbtop_icon\u00a0\u00bb box_alignment=\u00a0\u00bbleft\u00a0\u00bb icon_type_layout=\u00a0\u00bbborder\u00a0\u00bb title=\u00a0\u00bbPayement \u00e0 la livraison\u00a0\u00bb icon_as_icon=\u00a0\u00bbfa fab fa-cash-register\u00a0\u00bb title_typo=\u00a0\u00bb{\u00ab\u00a0font_size\u00ab\u00a0:\u00ab\u00a018\u00ab\u00a0,\u00ab\u00a0line_height\u00ab\u00a0:\u00ab\u00a0\u00ab\u00a0,\u00ab\u00a0letter_spacing\u00ab\u00a0:\u00ab\u00a00.1\u00ab\u00a0,\u00ab\u00a0color\u00ab\u00a0:\u00ab\u00a0\u00ab\u00a0,\u00ab\u00a0weight\u00ab\u00a0:\u00ab\u00a0inherit\u00ab\u00a0,\u00ab\u00a0style\u00ab\u00a0:\u00ab\u00a0inherit\u00ab\u00a0,\u00ab\u00a0use_custom_font\u00ab\u00a0:false}\u00a0\u00bb description_typo=\u00a0\u00bbnull\u00a0\u00bb][\/vc_column_inner][vc_column_inner width=\u00a0\u00bb1\/3&Prime; offset=\u00a0\u00bbvc_col-xs-4&Prime;][vc_empty_space el_class=\u00a0\u00bbclb__spacer\u00a0\u00bb][ohio_icon_box box_type_layout=\u00a0\u00bbtop_icon\u00a0\u00bb box_alignment=\u00a0\u00bbleft\u00a0\u00bb icon_type_layout=\u00a0\u00bbborder\u00a0\u00bb title=\u00a0\u00bbLivraison gratuite \u00e0 Dakar\u00a0\u00bb icon_as_icon=\u00a0\u00bbfa fab fa-shipping-fast\u00a0\u00bb title_typo=\u00a0\u00bb{\u00ab\u00a0font_size\u00ab\u00a0:\u00ab\u00a018\u00ab\u00a0,\u00ab\u00a0line_height\u00ab\u00a0:\u00ab\u00a0\u00ab\u00a0,\u00ab\u00a0letter_spacing\u00ab\u00a0:\u00ab\u00a00.1\u00ab\u00a0,\u00ab\u00a0color\u00ab\u00a0:\u00ab\u00a0\u00ab\u00a0,\u00ab\u00a0weight\u00ab\u00a0:\u00ab\u00a0inherit\u00ab\u00a0,\u00ab\u00a0style\u00ab\u00a0:\u00ab\u00a0inherit\u00ab\u00a0,\u00ab\u00a0use_custom_font\u00ab\u00a0:false}\u00a0\u00bb description_typo=\u00a0\u00bbnull\u00a0\u00bb][\/vc_column_inner][\/vc_row_inner][\/vc_column][vc_column width=\u00a0\u00bb5\/12&Prime;][vc_empty_space el_class=\u00a0\u00bbclb__spacer vc_hidden-lg vc_hidden-md vc_hidden-sm\u00a0\u00bb][ohio_heading subtitle_type_layout=\u00a0\u00bbwithout_subtitle\u00a0\u00bb module_type_layout=\u00a0\u00bbon_left\u00a0\u00bb heading_type=\u00a0\u00bbh5&Prime; title=\u00a0\u00bbSW5mb3JtYXRpb25zJTIwYWRkaXRpb25uZWxsZXMlMjAlM0E=\u00a0\u00bb title_typo=\u00a0\u00bbnull\u00a0\u00bb][ohio_text text_typo=\u00a0\u00bbnull\u00a0\u00bb][\/ohio_text][\/vc_column][\/vc_row]<\/p>\n","protected":false},"excerpt":{"rendered":"<p>Ensemble tradi-moderne pour hommes compos\u00e9 d&rsquo;une chemise trois quart slim fit et d&rsquo;un pantalon bleus, tous confectionn\u00e9s sur-mesure et \u00e0 la main \u00e0 Dakar au S\u00e9n\u00e9gal. Nous recommandons de le porter avec une paire de babouches marocaines bleues.<\/p>\n","protected":false},"featured_media":19265,"comment_status":"closed","ping_status":"closed","template":"","meta":[],"product_cat":[75],"product_tag":[33],"class_list":{"0":"post-19264","1":"product","2":"type-product","3":"status-publish","4":"has-post-thumbnail","6":"product_cat-dbu23","7":"product_tag-homme","9":"first","10":"outofstock","11":"sold-individually","12":"shipping-taxable","13":"purchasable","14":"product-type-simple"},"yoast_head":"<!-- This site is optimized with the Yoast SEO plugin v23.1 - https:\/\/yoast.com\/wordpress\/plugins\/seo\/ -->\n<title>Tenue Doomu Burr FALL - Maison YOKK<\/title>\n<meta name=\"description\" content=\"Tenue Doomu Burr FALL, de la collection &quot;Doomu Burr 2023&quot; de Maison YOKK. Ensemble tradi-moderne pour hommes compos\u00e9 d&#039;une chemise trois quart slim fit et d&#039;un pantalon bleus, tous confectionn\u00e9s sur-mesure et \u00e0 la main \u00e0 Dakar au S\u00e9n\u00e9gal.\" \/>\n<meta name=\"robots\" content=\"index, follow, max-snippet:-1, max-image-preview:large, max-video-preview:-1\" \/>\n<link rel=\"canonical\" href=\"https:\/\/yokkfamily.com\/index.php\/produit\/doomu-burr-fall\/\" \/>\n<meta property=\"og:locale\" content=\"fr_FR\" \/>\n<meta property=\"og:type\" content=\"article\" \/>\n<meta property=\"og:title\" content=\"Tenue Doomu Burr FALL - Maison YOKK\" \/>\n<meta property=\"og:description\" content=\"Tenue Doomu Burr FALL, de la collection &quot;Doomu Burr 2023&quot; de Maison YOKK. Ensemble tradi-moderne pour hommes compos\u00e9 d&#039;une chemise trois quart slim fit et d&#039;un pantalon bleus, tous confectionn\u00e9s sur-mesure et \u00e0 la main \u00e0 Dakar au S\u00e9n\u00e9gal.\" \/>\n<meta property=\"og:url\" content=\"https:\/\/yokkfamily.com\/index.php\/produit\/doomu-burr-fall\/\" \/>\n<meta property=\"og:site_name\" content=\"Maison YOKK\" \/>\n<meta property=\"article:modified_time\" content=\"2024-03-18T10:45:03+00:00\" \/>\n<meta property=\"og:image\" content=\"https:\/\/yokkfamily.com\/wp-content\/uploads\/2023\/02\/DBU-Fall-A-scaled.jpg\" \/>\n\t<meta property=\"og:image:width\" content=\"1707\" \/>\n\t<meta property=\"og:image:height\" content=\"2560\" \/>\n\t<meta property=\"og:image:type\" content=\"image\/jpeg\" \/>\n<meta name=\"twitter:card\" content=\"summary_large_image\" \/>\n<meta name=\"twitter:label1\" content=\"Dur\u00e9e de lecture estim\u00e9e\" \/>\n\t<meta name=\"twitter:data1\" content=\"2 minutes\" \/>\n<script type=\"application\/ld+json\" class=\"yoast-schema-graph\">{\"@context\":\"https:\/\/schema.org\",\"@graph\":[{\"@type\":\"WebPage\",\"@id\":\"https:\/\/yokkfamily.com\/index.php\/produit\/doomu-burr-fall\/\",\"url\":\"https:\/\/yokkfamily.com\/index.php\/produit\/doomu-burr-fall\/\",\"name\":\"Tenue Doomu Burr FALL - Maison YOKK\",\"isPartOf\":{\"@id\":\"https:\/\/yokkfamily.com\/#website\"},\"primaryImageOfPage\":{\"@id\":\"https:\/\/yokkfamily.com\/index.php\/produit\/doomu-burr-fall\/#primaryimage\"},\"image\":{\"@id\":\"https:\/\/yokkfamily.com\/index.php\/produit\/doomu-burr-fall\/#primaryimage\"},\"thumbnailUrl\":\"https:\/\/yokkfamily.com\/wp-content\/uploads\/2023\/02\/DBU-Fall-A-scaled.jpg\",\"datePublished\":\"2023-02-02T17:51:43+00:00\",\"dateModified\":\"2024-03-18T10:45:03+00:00\",\"description\":\"Tenue Doomu Burr FALL, de la collection \\\"Doomu Burr 2023\\\" de Maison YOKK. Ensemble tradi-moderne pour hommes compos\u00e9 d'une chemise trois quart slim fit et d'un pantalon bleus, tous confectionn\u00e9s sur-mesure et \u00e0 la main \u00e0 Dakar au S\u00e9n\u00e9gal.\",\"breadcrumb\":{\"@id\":\"https:\/\/yokkfamily.com\/index.php\/produit\/doomu-burr-fall\/#breadcrumb\"},\"inLanguage\":\"fr-FR\",\"potentialAction\":[{\"@type\":\"ReadAction\",\"target\":[\"https:\/\/yokkfamily.com\/index.php\/produit\/doomu-burr-fall\/\"]}]},{\"@type\":\"ImageObject\",\"inLanguage\":\"fr-FR\",\"@id\":\"https:\/\/yokkfamily.com\/index.php\/produit\/doomu-burr-fall\/#primaryimage\",\"url\":\"https:\/\/yokkfamily.com\/wp-content\/uploads\/2023\/02\/DBU-Fall-A-scaled.jpg\",\"contentUrl\":\"https:\/\/yokkfamily.com\/wp-content\/uploads\/2023\/02\/DBU-Fall-A-scaled.jpg\",\"width\":1707,\"height\":2560},{\"@type\":\"BreadcrumbList\",\"@id\":\"https:\/\/yokkfamily.com\/index.php\/produit\/doomu-burr-fall\/#breadcrumb\",\"itemListElement\":[{\"@type\":\"ListItem\",\"position\":1,\"name\":\"Accueil\",\"item\":\"https:\/\/yokkfamily.com\/\"},{\"@type\":\"ListItem\",\"position\":2,\"name\":\"Toutes nos collections\",\"item\":\"https:\/\/yokkfamily.com\/index.php\/boutique\/\"},{\"@type\":\"ListItem\",\"position\":3,\"name\":\"Doomu Burr FALL\"}]},{\"@type\":\"WebSite\",\"@id\":\"https:\/\/yokkfamily.com\/#website\",\"url\":\"https:\/\/yokkfamily.com\/\",\"name\":\"Maison YOKK\",\"description\":\"A travers la mode, nous r\u00e9v\u00e9lons l&#039;identit\u00e9 Africaine enfouie en chacun des n\u00f4tres.\",\"potentialAction\":[{\"@type\":\"SearchAction\",\"target\":{\"@type\":\"EntryPoint\",\"urlTemplate\":\"https:\/\/yokkfamily.com\/?s={search_term_string}\"},\"query-input\":\"required name=search_term_string\"}],\"inLanguage\":\"fr-FR\"}]}<\/script>\n<!-- \/ Yoast SEO plugin. -->","yoast_head_json":{"title":"Tenue Doomu Burr FALL - Maison YOKK","description":"Tenue Doomu Burr FALL, de la collection \"Doomu Burr 2023\" de Maison YOKK. Ensemble tradi-moderne pour hommes compos\u00e9 d'une chemise trois quart slim fit et d'un pantalon bleus, tous confectionn\u00e9s sur-mesure et \u00e0 la main \u00e0 Dakar au S\u00e9n\u00e9gal.","robots":{"index":"index","follow":"follow","max-snippet":"max-snippet:-1","max-image-preview":"max-image-preview:large","max-video-preview":"max-video-preview:-1"},"canonical":"https:\/\/yokkfamily.com\/index.php\/produit\/doomu-burr-fall\/","og_locale":"fr_FR","og_type":"article","og_title":"Tenue Doomu Burr FALL - Maison YOKK","og_description":"Tenue Doomu Burr FALL, de la collection \"Doomu Burr 2023\" de Maison YOKK. Ensemble tradi-moderne pour hommes compos\u00e9 d'une chemise trois quart slim fit et d'un pantalon bleus, tous confectionn\u00e9s sur-mesure et \u00e0 la main \u00e0 Dakar au S\u00e9n\u00e9gal.","og_url":"https:\/\/yokkfamily.com\/index.php\/produit\/doomu-burr-fall\/","og_site_name":"Maison YOKK","article_modified_time":"2024-03-18T10:45:03+00:00","og_image":[{"width":1707,"height":2560,"url":"https:\/\/yokkfamily.com\/wp-content\/uploads\/2023\/02\/DBU-Fall-A-scaled.jpg","type":"image\/jpeg"}],"twitter_card":"summary_large_image","twitter_misc":{"Dur\u00e9e de lecture estim\u00e9e":"2 minutes"},"schema":{"@context":"https:\/\/schema.org","@graph":[{"@type":"WebPage","@id":"https:\/\/yokkfamily.com\/index.php\/produit\/doomu-burr-fall\/","url":"https:\/\/yokkfamily.com\/index.php\/produit\/doomu-burr-fall\/","name":"Tenue Doomu Burr FALL - Maison YOKK","isPartOf":{"@id":"https:\/\/yokkfamily.com\/#website"},"primaryImageOfPage":{"@id":"https:\/\/yokkfamily.com\/index.php\/produit\/doomu-burr-fall\/#primaryimage"},"image":{"@id":"https:\/\/yokkfamily.com\/index.php\/produit\/doomu-burr-fall\/#primaryimage"},"thumbnailUrl":"https:\/\/yokkfamily.com\/wp-content\/uploads\/2023\/02\/DBU-Fall-A-scaled.jpg","datePublished":"2023-02-02T17:51:43+00:00","dateModified":"2024-03-18T10:45:03+00:00","description":"Tenue Doomu Burr FALL, de la collection \"Doomu Burr 2023\" de Maison YOKK. Ensemble tradi-moderne pour hommes compos\u00e9 d'une chemise trois quart slim fit et d'un pantalon bleus, tous confectionn\u00e9s sur-mesure et \u00e0 la main \u00e0 Dakar au S\u00e9n\u00e9gal.","breadcrumb":{"@id":"https:\/\/yokkfamily.com\/index.php\/produit\/doomu-burr-fall\/#breadcrumb"},"inLanguage":"fr-FR","potentialAction":[{"@type":"ReadAction","target":["https:\/\/yokkfamily.com\/index.php\/produit\/doomu-burr-fall\/"]}]},{"@type":"ImageObject","inLanguage":"fr-FR","@id":"https:\/\/yokkfamily.com\/index.php\/produit\/doomu-burr-fall\/#primaryimage","url":"https:\/\/yokkfamily.com\/wp-content\/uploads\/2023\/02\/DBU-Fall-A-scaled.jpg","contentUrl":"https:\/\/yokkfamily.com\/wp-content\/uploads\/2023\/02\/DBU-Fall-A-scaled.jpg","width":1707,"height":2560},{"@type":"BreadcrumbList","@id":"https:\/\/yokkfamily.com\/index.php\/produit\/doomu-burr-fall\/#breadcrumb","itemListElement":[{"@type":"ListItem","position":1,"name":"Accueil","item":"https:\/\/yokkfamily.com\/"},{"@type":"ListItem","position":2,"name":"Toutes nos collections","item":"https:\/\/yokkfamily.com\/index.php\/boutique\/"},{"@type":"ListItem","position":3,"name":"Doomu Burr FALL"}]},{"@type":"WebSite","@id":"https:\/\/yokkfamily.com\/#website","url":"https:\/\/yokkfamily.com\/","name":"Maison YOKK","description":"A travers la mode, nous r\u00e9v\u00e9lons l&#039;identit\u00e9 Africaine enfouie en chacun des n\u00f4tres.","potentialAction":[{"@type":"SearchAction","target":{"@type":"EntryPoint","urlTemplate":"https:\/\/yokkfamily.com\/?s={search_term_string}"},"query-input":"required name=search_term_string"}],"inLanguage":"fr-FR"}]}},"_links":{"self":[{"href":"https:\/\/yokkfamily.com\/index.php\/wp-json\/wp\/v2\/product\/19264"}],"collection":[{"href":"https:\/\/yokkfamily.com\/index.php\/wp-json\/wp\/v2\/product"}],"about":[{"href":"https:\/\/yokkfamily.com\/index.php\/wp-json\/wp\/v2\/types\/product"}],"replies":[{"embeddable":true,"href":"https:\/\/yokkfamily.com\/index.php\/wp-json\/wp\/v2\/comments?post=19264"}],"wp:featuredmedia":[{"embeddable":true,"href":"https:\/\/yokkfamily.com\/index.php\/wp-json\/wp\/v2\/media\/19265"}],"wp:attachment":[{"href":"https:\/\/yokkfamily.com\/index.php\/wp-json\/wp\/v2\/media?parent=19264"}],"wp:term":[{"taxonomy":"product_cat","embeddable":true,"href":"https:\/\/yokkfamily.com\/index.php\/wp-json\/wp\/v2\/product_cat?post=19264"},{"taxonomy":"product_tag","embeddable":true,"href":"https:\/\/yokkfamily.com\/index.php\/wp-json\/wp\/v2\/product_tag?post=19264"}],"curies":[{"name":"wp","href":"https:\/\/api.w.org\/{rel}","templated":true}]}}