{"id":19102,"date":"2021-11-24T22:59:26","date_gmt":"2021-11-24T22:59:26","guid":{"rendered":"https:\/\/yokkfamily.com\/?post_type=product&#038;p=19102"},"modified":"2024-03-18T10:56:29","modified_gmt":"2024-03-18T10:56:29","slug":"chui-zanzibar","status":"publish","type":"product","link":"https:\/\/yokkfamily.com\/index.php\/produit\/chui-zanzibar\/","title":{"rendered":"Chui ZANZIBAR"},"content":{"rendered":"<p>[vc_row side_background_title_typo=\u00a0\u00bbnull\u00a0\u00bb el_class=\u00a0\u00bbclb__padding_reset\u00a0\u00bb][vc_column width=\u00a0\u00bb7\/12&Prime;][ohio_heading subtitle_type_layout=\u00a0\u00bbwithout_subtitle\u00a0\u00bb module_type_layout=\u00a0\u00bbon_left\u00a0\u00bb heading_type=\u00a0\u00bbh5&Prime; title=\u00a0\u00bbRCVDMyVBOXRhaWxzJTIwZHUlMjBwcm9kdWl0JTIwJTNB\u00a0\u00bb title_typo=\u00a0\u00bbnull\u00a0\u00bb][ohio_text text_typo=\u00a0\u00bbnull\u00a0\u00bb]<\/p>\n<p>Le costume est un costume deux pi\u00e8ces slim fit \u00e0 manches courtes en tissu fil \u00e0 fil vert fonc\u00e9 dont la veste n\u2019a aucune poche ext\u00e9rieure et dont les boutons sont remplac\u00e9s par une fermeture-\u00e9clair de type blouson. Des pivoines artificielles blanches et de couleur champagne ont \u00e9t\u00e9 coll\u00e9es \u00e0 l\u2019avant de la veste, et des feuilles artificielles ont \u00e9t\u00e9 coll\u00e9es sur la partie avant des pieds du pantalon.<\/p>\n<p>La chemisette trois quart slim fit est la fusion d\u2019une chemisette sans poche et d\u2019un boubou traditionnel \u00e0 col mao. Elle est confectionn\u00e9e \u00e0 partir d\u2019un tissu italien blanc. Le col mao est encercl\u00e9 de cauris. La braquette, confectionn\u00e9e avec le Thioub, cache une fermeture-\u00e9clair et donne l\u2019impression d\u2019une cravate courte. Des fermeture-\u00e9clairs avec des dents en m\u00e9tal d\u00e9corent les 2 flancs de la chemisette trois quart.<\/p>\n<p>Le nom de cette tenue rend hommage au musicien Camerounais Zanzibar, un <em>Crazy Enough<\/em>.[\/ohio_text][vc_row_inner][vc_column_inner width=\u00a0\u00bb1\/3&Prime; offset=\u00a0\u00bbvc_col-xs-4&Prime;][vc_empty_space el_class=\u00a0\u00bbclb__spacer\u00a0\u00bb][ohio_icon_box box_type_layout=\u00a0\u00bbtop_icon\u00a0\u00bb box_alignment=\u00a0\u00bbleft\u00a0\u00bb icon_type_layout=\u00a0\u00bbborder\u00a0\u00bb title=\u00a0\u00bbPrise de mesure \u00e0 Dakar\u00a0\u00bb icon_as_icon=\u00a0\u00bbfa fab fa-person-booth\u00a0\u00bb title_typo=\u00a0\u00bb{\u00ab\u00a0font_size\u00ab\u00a0:\u00ab\u00a018\u00ab\u00a0,\u00ab\u00a0line_height\u00ab\u00a0:\u00ab\u00a0\u00ab\u00a0,\u00ab\u00a0letter_spacing\u00ab\u00a0:\u00ab\u00a00.1\u00ab\u00a0,\u00ab\u00a0color\u00ab\u00a0:\u00ab\u00a0\u00ab\u00a0,\u00ab\u00a0weight\u00ab\u00a0:\u00ab\u00a0inherit\u00ab\u00a0,\u00ab\u00a0style\u00ab\u00a0:\u00ab\u00a0inherit\u00ab\u00a0,\u00ab\u00a0use_custom_font\u00ab\u00a0:false}\u00a0\u00bb description_typo=\u00a0\u00bbnull\u00a0\u00bb][\/vc_column_inner][vc_column_inner width=\u00a0\u00bb1\/3&Prime; offset=\u00a0\u00bbvc_col-xs-4&Prime;][vc_empty_space el_class=\u00a0\u00bbclb__spacer\u00a0\u00bb][ohio_icon_box box_type_layout=\u00a0\u00bbtop_icon\u00a0\u00bb box_alignment=\u00a0\u00bbleft\u00a0\u00bb icon_type_layout=\u00a0\u00bbborder\u00a0\u00bb title=\u00a0\u00bbPayement \u00e0 la livraison\u00a0\u00bb icon_as_icon=\u00a0\u00bbfa fab fa-cash-register\u00a0\u00bb title_typo=\u00a0\u00bb{\u00ab\u00a0font_size\u00ab\u00a0:\u00ab\u00a018\u00ab\u00a0,\u00ab\u00a0line_height\u00ab\u00a0:\u00ab\u00a0\u00ab\u00a0,\u00ab\u00a0letter_spacing\u00ab\u00a0:\u00ab\u00a00.1\u00ab\u00a0,\u00ab\u00a0color\u00ab\u00a0:\u00ab\u00a0\u00ab\u00a0,\u00ab\u00a0weight\u00ab\u00a0:\u00ab\u00a0inherit\u00ab\u00a0,\u00ab\u00a0style\u00ab\u00a0:\u00ab\u00a0inherit\u00ab\u00a0,\u00ab\u00a0use_custom_font\u00ab\u00a0:false}\u00a0\u00bb description_typo=\u00a0\u00bbnull\u00a0\u00bb][\/vc_column_inner][vc_column_inner width=\u00a0\u00bb1\/3&Prime; offset=\u00a0\u00bbvc_col-xs-4&Prime;][vc_empty_space el_class=\u00a0\u00bbclb__spacer\u00a0\u00bb][ohio_icon_box box_type_layout=\u00a0\u00bbtop_icon\u00a0\u00bb box_alignment=\u00a0\u00bbleft\u00a0\u00bb icon_type_layout=\u00a0\u00bbborder\u00a0\u00bb title=\u00a0\u00bbLivraison gratuite \u00e0 Dakar\u00a0\u00bb icon_as_icon=\u00a0\u00bbfa fab fa-shipping-fast\u00a0\u00bb title_typo=\u00a0\u00bb{\u00ab\u00a0font_size\u00ab\u00a0:\u00ab\u00a018\u00ab\u00a0,\u00ab\u00a0line_height\u00ab\u00a0:\u00ab\u00a0\u00ab\u00a0,\u00ab\u00a0letter_spacing\u00ab\u00a0:\u00ab\u00a00.1\u00ab\u00a0,\u00ab\u00a0color\u00ab\u00a0:\u00ab\u00a0\u00ab\u00a0,\u00ab\u00a0weight\u00ab\u00a0:\u00ab\u00a0inherit\u00ab\u00a0,\u00ab\u00a0style\u00ab\u00a0:\u00ab\u00a0inherit\u00ab\u00a0,\u00ab\u00a0use_custom_font\u00ab\u00a0:false}\u00a0\u00bb description_typo=\u00a0\u00bbnull\u00a0\u00bb][\/vc_column_inner][\/vc_row_inner][\/vc_column][vc_column width=\u00a0\u00bb5\/12&Prime;][vc_empty_space el_class=\u00a0\u00bbclb__spacer vc_hidden-lg vc_hidden-md vc_hidden-sm\u00a0\u00bb][ohio_heading subtitle_type_layout=\u00a0\u00bbwithout_subtitle\u00a0\u00bb module_type_layout=\u00a0\u00bbon_left\u00a0\u00bb heading_type=\u00a0\u00bbh5&Prime; title=\u00a0\u00bbSW5mb3JtYXRpb25zJTIwYWRkaXRpb25uZWxsZXMlMjAlM0E=\u00a0\u00bb title_typo=\u00a0\u00bbnull\u00a0\u00bb][ohio_text text_typo=\u00a0\u00bbnull\u00a0\u00bb]Le Thioub est un tissu haut de gamme tr\u00e8s pris\u00e9 par les femmes S\u00e9n\u00e9galaises, qui les utilisent pour confectionner leurs tenues traditionnelles r\u00e9serv\u00e9es aux grands \u00e9v\u00e8nements. Cette \u00e9toffe pr\u00e9cieuse est obtenue \u00e0 partir d\u2019un tissu en coton qui suit plusieurs \u00e9tapes minutieuses de teinture artisanale pour devenir un tissu damass\u00e9 multicolore et \u00e0 la brillance \u00e9clatante.[\/ohio_text][\/vc_column][\/vc_row]<\/p>\n","protected":false},"excerpt":{"rendered":"<p>Costume homme deux pi\u00e8ces slim fit courtes manches de couleur vert fonc\u00e9, accompagn\u00e9 d\u2019une chemisette trois quart blanche slim fit. La veste porte des pivoines artificielles, et le pantalon des feuilles artificielles. Cette cr\u00e9ation inspir\u00e9e d\u2019un jardin de fleurs est sp\u00e9cialement destin\u00e9e aux cr\u00e9atifs et rebelles africains, les <em>Crazy Enough<\/em>.<\/p>\n<p>Ensemble confectionn\u00e9 sur-mesure et \u00e0 la main \u00e0 Dakar au S\u00e9n\u00e9gal. Nous recommandons de le porter avec une paire de sneakers blanches. La veste peut \u00eatre command\u00e9e en version manches longues.<\/p>\n","protected":false},"featured_media":19103,"comment_status":"closed","ping_status":"closed","template":"","meta":[],"product_cat":[63],"product_tag":[33],"class_list":{"0":"post-19102","1":"product","2":"type-product","3":"status-publish","4":"has-post-thumbnail","6":"product_cat-chui","7":"product_tag-homme","9":"first","10":"outofstock","11":"sold-individually","12":"shipping-taxable","13":"purchasable","14":"product-type-simple"},"yoast_head":"<!-- This site is optimized with the Yoast SEO plugin v23.1 - https:\/\/yoast.com\/wordpress\/plugins\/seo\/ -->\n<title>Chui ZANZIBAR - Maison YOKK<\/title>\n<meta name=\"description\" content=\"Costume homme deux pi\u00e8ces slim fit courtes manches de couleur vert fonc\u00e9, accompagn\u00e9 d\u2019une chemisette trois quart blanche slim fit.\" \/>\n<meta name=\"robots\" content=\"index, follow, max-snippet:-1, max-image-preview:large, max-video-preview:-1\" \/>\n<link rel=\"canonical\" href=\"https:\/\/yokkfamily.com\/index.php\/produit\/chui-zanzibar\/\" \/>\n<meta property=\"og:locale\" content=\"fr_FR\" \/>\n<meta property=\"og:type\" content=\"article\" \/>\n<meta property=\"og:title\" content=\"Chui ZANZIBAR - Maison YOKK\" \/>\n<meta property=\"og:description\" content=\"Costume homme deux pi\u00e8ces slim fit courtes manches de couleur vert fonc\u00e9, accompagn\u00e9 d\u2019une chemisette trois quart blanche slim fit.\" \/>\n<meta property=\"og:url\" content=\"https:\/\/yokkfamily.com\/index.php\/produit\/chui-zanzibar\/\" \/>\n<meta property=\"og:site_name\" content=\"Maison YOKK\" \/>\n<meta property=\"article:modified_time\" content=\"2024-03-18T10:56:29+00:00\" \/>\n<meta property=\"og:image\" content=\"https:\/\/yokkfamily.com\/wp-content\/uploads\/2021\/11\/CHUG-01-scaled.jpg\" \/>\n\t<meta property=\"og:image:width\" content=\"1707\" \/>\n\t<meta property=\"og:image:height\" content=\"2560\" \/>\n\t<meta property=\"og:image:type\" content=\"image\/jpeg\" \/>\n<meta name=\"twitter:card\" content=\"summary_large_image\" \/>\n<meta name=\"twitter:label1\" content=\"Dur\u00e9e de lecture estim\u00e9e\" \/>\n\t<meta name=\"twitter:data1\" content=\"3 minutes\" \/>\n<script type=\"application\/ld+json\" class=\"yoast-schema-graph\">{\"@context\":\"https:\/\/schema.org\",\"@graph\":[{\"@type\":\"WebPage\",\"@id\":\"https:\/\/yokkfamily.com\/index.php\/produit\/chui-zanzibar\/\",\"url\":\"https:\/\/yokkfamily.com\/index.php\/produit\/chui-zanzibar\/\",\"name\":\"Chui ZANZIBAR - Maison YOKK\",\"isPartOf\":{\"@id\":\"https:\/\/yokkfamily.com\/#website\"},\"primaryImageOfPage\":{\"@id\":\"https:\/\/yokkfamily.com\/index.php\/produit\/chui-zanzibar\/#primaryimage\"},\"image\":{\"@id\":\"https:\/\/yokkfamily.com\/index.php\/produit\/chui-zanzibar\/#primaryimage\"},\"thumbnailUrl\":\"https:\/\/yokkfamily.com\/wp-content\/uploads\/2021\/11\/CHUG-01-scaled.jpg\",\"datePublished\":\"2021-11-24T22:59:26+00:00\",\"dateModified\":\"2024-03-18T10:56:29+00:00\",\"description\":\"Costume homme deux pi\u00e8ces slim fit courtes manches de couleur vert fonc\u00e9, accompagn\u00e9 d\u2019une chemisette trois quart blanche slim fit.\",\"breadcrumb\":{\"@id\":\"https:\/\/yokkfamily.com\/index.php\/produit\/chui-zanzibar\/#breadcrumb\"},\"inLanguage\":\"fr-FR\",\"potentialAction\":[{\"@type\":\"ReadAction\",\"target\":[\"https:\/\/yokkfamily.com\/index.php\/produit\/chui-zanzibar\/\"]}]},{\"@type\":\"ImageObject\",\"inLanguage\":\"fr-FR\",\"@id\":\"https:\/\/yokkfamily.com\/index.php\/produit\/chui-zanzibar\/#primaryimage\",\"url\":\"https:\/\/yokkfamily.com\/wp-content\/uploads\/2021\/11\/CHUG-01-scaled.jpg\",\"contentUrl\":\"https:\/\/yokkfamily.com\/wp-content\/uploads\/2021\/11\/CHUG-01-scaled.jpg\",\"width\":1707,\"height\":2560},{\"@type\":\"BreadcrumbList\",\"@id\":\"https:\/\/yokkfamily.com\/index.php\/produit\/chui-zanzibar\/#breadcrumb\",\"itemListElement\":[{\"@type\":\"ListItem\",\"position\":1,\"name\":\"Accueil\",\"item\":\"https:\/\/yokkfamily.com\/\"},{\"@type\":\"ListItem\",\"position\":2,\"name\":\"Toutes nos collections\",\"item\":\"https:\/\/yokkfamily.com\/index.php\/boutique\/\"},{\"@type\":\"ListItem\",\"position\":3,\"name\":\"Chui ZANZIBAR\"}]},{\"@type\":\"WebSite\",\"@id\":\"https:\/\/yokkfamily.com\/#website\",\"url\":\"https:\/\/yokkfamily.com\/\",\"name\":\"Maison YOKK\",\"description\":\"A travers la mode, nous r\u00e9v\u00e9lons l&#039;identit\u00e9 Africaine enfouie en chacun des n\u00f4tres.\",\"potentialAction\":[{\"@type\":\"SearchAction\",\"target\":{\"@type\":\"EntryPoint\",\"urlTemplate\":\"https:\/\/yokkfamily.com\/?s={search_term_string}\"},\"query-input\":\"required name=search_term_string\"}],\"inLanguage\":\"fr-FR\"}]}<\/script>\n<!-- \/ Yoast SEO plugin. -->","yoast_head_json":{"title":"Chui ZANZIBAR - Maison YOKK","description":"Costume homme deux pi\u00e8ces slim fit courtes manches de couleur vert fonc\u00e9, accompagn\u00e9 d\u2019une chemisette trois quart blanche slim fit.","robots":{"index":"index","follow":"follow","max-snippet":"max-snippet:-1","max-image-preview":"max-image-preview:large","max-video-preview":"max-video-preview:-1"},"canonical":"https:\/\/yokkfamily.com\/index.php\/produit\/chui-zanzibar\/","og_locale":"fr_FR","og_type":"article","og_title":"Chui ZANZIBAR - Maison YOKK","og_description":"Costume homme deux pi\u00e8ces slim fit courtes manches de couleur vert fonc\u00e9, accompagn\u00e9 d\u2019une chemisette trois quart blanche slim fit.","og_url":"https:\/\/yokkfamily.com\/index.php\/produit\/chui-zanzibar\/","og_site_name":"Maison YOKK","article_modified_time":"2024-03-18T10:56:29+00:00","og_image":[{"width":1707,"height":2560,"url":"https:\/\/yokkfamily.com\/wp-content\/uploads\/2021\/11\/CHUG-01-scaled.jpg","type":"image\/jpeg"}],"twitter_card":"summary_large_image","twitter_misc":{"Dur\u00e9e de lecture estim\u00e9e":"3 minutes"},"schema":{"@context":"https:\/\/schema.org","@graph":[{"@type":"WebPage","@id":"https:\/\/yokkfamily.com\/index.php\/produit\/chui-zanzibar\/","url":"https:\/\/yokkfamily.com\/index.php\/produit\/chui-zanzibar\/","name":"Chui ZANZIBAR - Maison YOKK","isPartOf":{"@id":"https:\/\/yokkfamily.com\/#website"},"primaryImageOfPage":{"@id":"https:\/\/yokkfamily.com\/index.php\/produit\/chui-zanzibar\/#primaryimage"},"image":{"@id":"https:\/\/yokkfamily.com\/index.php\/produit\/chui-zanzibar\/#primaryimage"},"thumbnailUrl":"https:\/\/yokkfamily.com\/wp-content\/uploads\/2021\/11\/CHUG-01-scaled.jpg","datePublished":"2021-11-24T22:59:26+00:00","dateModified":"2024-03-18T10:56:29+00:00","description":"Costume homme deux pi\u00e8ces slim fit courtes manches de couleur vert fonc\u00e9, accompagn\u00e9 d\u2019une chemisette trois quart blanche slim fit.","breadcrumb":{"@id":"https:\/\/yokkfamily.com\/index.php\/produit\/chui-zanzibar\/#breadcrumb"},"inLanguage":"fr-FR","potentialAction":[{"@type":"ReadAction","target":["https:\/\/yokkfamily.com\/index.php\/produit\/chui-zanzibar\/"]}]},{"@type":"ImageObject","inLanguage":"fr-FR","@id":"https:\/\/yokkfamily.com\/index.php\/produit\/chui-zanzibar\/#primaryimage","url":"https:\/\/yokkfamily.com\/wp-content\/uploads\/2021\/11\/CHUG-01-scaled.jpg","contentUrl":"https:\/\/yokkfamily.com\/wp-content\/uploads\/2021\/11\/CHUG-01-scaled.jpg","width":1707,"height":2560},{"@type":"BreadcrumbList","@id":"https:\/\/yokkfamily.com\/index.php\/produit\/chui-zanzibar\/#breadcrumb","itemListElement":[{"@type":"ListItem","position":1,"name":"Accueil","item":"https:\/\/yokkfamily.com\/"},{"@type":"ListItem","position":2,"name":"Toutes nos collections","item":"https:\/\/yokkfamily.com\/index.php\/boutique\/"},{"@type":"ListItem","position":3,"name":"Chui ZANZIBAR"}]},{"@type":"WebSite","@id":"https:\/\/yokkfamily.com\/#website","url":"https:\/\/yokkfamily.com\/","name":"Maison YOKK","description":"A travers la mode, nous r\u00e9v\u00e9lons l&#039;identit\u00e9 Africaine enfouie en chacun des n\u00f4tres.","potentialAction":[{"@type":"SearchAction","target":{"@type":"EntryPoint","urlTemplate":"https:\/\/yokkfamily.com\/?s={search_term_string}"},"query-input":"required name=search_term_string"}],"inLanguage":"fr-FR"}]}},"_links":{"self":[{"href":"https:\/\/yokkfamily.com\/index.php\/wp-json\/wp\/v2\/product\/19102"}],"collection":[{"href":"https:\/\/yokkfamily.com\/index.php\/wp-json\/wp\/v2\/product"}],"about":[{"href":"https:\/\/yokkfamily.com\/index.php\/wp-json\/wp\/v2\/types\/product"}],"replies":[{"embeddable":true,"href":"https:\/\/yokkfamily.com\/index.php\/wp-json\/wp\/v2\/comments?post=19102"}],"wp:featuredmedia":[{"embeddable":true,"href":"https:\/\/yokkfamily.com\/index.php\/wp-json\/wp\/v2\/media\/19103"}],"wp:attachment":[{"href":"https:\/\/yokkfamily.com\/index.php\/wp-json\/wp\/v2\/media?parent=19102"}],"wp:term":[{"taxonomy":"product_cat","embeddable":true,"href":"https:\/\/yokkfamily.com\/index.php\/wp-json\/wp\/v2\/product_cat?post=19102"},{"taxonomy":"product_tag","embeddable":true,"href":"https:\/\/yokkfamily.com\/index.php\/wp-json\/wp\/v2\/product_tag?post=19102"}],"curies":[{"name":"wp","href":"https:\/\/api.w.org\/{rel}","templated":true}]}}