{"id":19084,"date":"2021-11-24T22:30:38","date_gmt":"2021-11-24T22:30:38","guid":{"rendered":"https:\/\/yokkfamily.com\/?post_type=product&#038;p=19084"},"modified":"2024-03-18T10:57:03","modified_gmt":"2024-03-18T10:57:03","slug":"chui-zeus","status":"publish","type":"product","link":"https:\/\/yokkfamily.com\/index.php\/produit\/chui-zeus\/","title":{"rendered":"Chui ZEUS"},"content":{"rendered":"<p>[vc_row side_background_title_typo=\u00a0\u00bbnull\u00a0\u00bb el_class=\u00a0\u00bbclb__padding_reset\u00a0\u00bb][vc_column width=\u00a0\u00bb7\/12&Prime;][ohio_heading subtitle_type_layout=\u00a0\u00bbwithout_subtitle\u00a0\u00bb module_type_layout=\u00a0\u00bbon_left\u00a0\u00bb heading_type=\u00a0\u00bbh5&Prime; title=\u00a0\u00bbRCVDMyVBOXRhaWxzJTIwZHUlMjBwcm9kdWl0JTIwJTNB\u00a0\u00bb title_typo=\u00a0\u00bbnull\u00a0\u00bb][ohio_text text_typo=\u00a0\u00bbnull\u00a0\u00bb]<\/p>\n<p>Le costume est un costume deux pi\u00e8ces slim fit \u00e0 manches courtes de couleur bleu fonc\u00e9 dont la veste n\u2019a aucune poche ext\u00e9rieure et dont les boutons sont remplac\u00e9s par une fermeture-\u00e9clair de type blouson. La veste et le pantalon portent une \u0153uvre de l\u2019artiste S\u00e9n\u00e9galais Zeus Design. Cette cr\u00e9ation porte d\u2019ailleurs son nom.<\/p>\n<p>La chemisette trois quart slim fit est la fusion d\u2019une chemisette sans poche et d\u2019un boubou traditionnel \u00e0 col mao. Elle est confectionn\u00e9e \u00e0 partir d\u2019un tissu bleu fonc\u00e9 100% coton. Le col mao est encercl\u00e9 de cauris. La braquette, confectionn\u00e9e en L\u00e9pi, cache une fermeture-\u00e9clair et donne l\u2019impression d\u2019une cravate courte. Des fermeture-\u00e9clairs avec des dents en m\u00e9tal d\u00e9corent les 2 flancs de la chemisette trois quart.[\/ohio_text][vc_row_inner][vc_column_inner width=\u00a0\u00bb1\/3&Prime; offset=\u00a0\u00bbvc_col-xs-4&Prime;][vc_empty_space el_class=\u00a0\u00bbclb__spacer\u00a0\u00bb][ohio_icon_box box_type_layout=\u00a0\u00bbtop_icon\u00a0\u00bb box_alignment=\u00a0\u00bbleft\u00a0\u00bb icon_type_layout=\u00a0\u00bbborder\u00a0\u00bb title=\u00a0\u00bbPrise de mesure \u00e0 Dakar\u00a0\u00bb icon_as_icon=\u00a0\u00bbfa fab fa-person-booth\u00a0\u00bb title_typo=\u00a0\u00bb{\u00ab\u00a0font_size\u00ab\u00a0:\u00ab\u00a018\u00ab\u00a0,\u00ab\u00a0line_height\u00ab\u00a0:\u00ab\u00a0\u00ab\u00a0,\u00ab\u00a0letter_spacing\u00ab\u00a0:\u00ab\u00a00.1\u00ab\u00a0,\u00ab\u00a0color\u00ab\u00a0:\u00ab\u00a0\u00ab\u00a0,\u00ab\u00a0weight\u00ab\u00a0:\u00ab\u00a0inherit\u00ab\u00a0,\u00ab\u00a0style\u00ab\u00a0:\u00ab\u00a0inherit\u00ab\u00a0,\u00ab\u00a0use_custom_font\u00ab\u00a0:false}\u00a0\u00bb description_typo=\u00a0\u00bbnull\u00a0\u00bb][\/vc_column_inner][vc_column_inner width=\u00a0\u00bb1\/3&Prime; offset=\u00a0\u00bbvc_col-xs-4&Prime;][vc_empty_space el_class=\u00a0\u00bbclb__spacer\u00a0\u00bb][ohio_icon_box box_type_layout=\u00a0\u00bbtop_icon\u00a0\u00bb box_alignment=\u00a0\u00bbleft\u00a0\u00bb icon_type_layout=\u00a0\u00bbborder\u00a0\u00bb title=\u00a0\u00bbPayement \u00e0 la livraison\u00a0\u00bb icon_as_icon=\u00a0\u00bbfa fab fa-cash-register\u00a0\u00bb title_typo=\u00a0\u00bb{\u00ab\u00a0font_size\u00ab\u00a0:\u00ab\u00a018\u00ab\u00a0,\u00ab\u00a0line_height\u00ab\u00a0:\u00ab\u00a0\u00ab\u00a0,\u00ab\u00a0letter_spacing\u00ab\u00a0:\u00ab\u00a00.1\u00ab\u00a0,\u00ab\u00a0color\u00ab\u00a0:\u00ab\u00a0\u00ab\u00a0,\u00ab\u00a0weight\u00ab\u00a0:\u00ab\u00a0inherit\u00ab\u00a0,\u00ab\u00a0style\u00ab\u00a0:\u00ab\u00a0inherit\u00ab\u00a0,\u00ab\u00a0use_custom_font\u00ab\u00a0:false}\u00a0\u00bb description_typo=\u00a0\u00bbnull\u00a0\u00bb][\/vc_column_inner][vc_column_inner width=\u00a0\u00bb1\/3&Prime; offset=\u00a0\u00bbvc_col-xs-4&Prime;][vc_empty_space el_class=\u00a0\u00bbclb__spacer\u00a0\u00bb][ohio_icon_box box_type_layout=\u00a0\u00bbtop_icon\u00a0\u00bb box_alignment=\u00a0\u00bbleft\u00a0\u00bb icon_type_layout=\u00a0\u00bbborder\u00a0\u00bb title=\u00a0\u00bbLivraison gratuite \u00e0 Dakar\u00a0\u00bb icon_as_icon=\u00a0\u00bbfa fab fa-shipping-fast\u00a0\u00bb title_typo=\u00a0\u00bb{\u00ab\u00a0font_size\u00ab\u00a0:\u00ab\u00a018\u00ab\u00a0,\u00ab\u00a0line_height\u00ab\u00a0:\u00ab\u00a0\u00ab\u00a0,\u00ab\u00a0letter_spacing\u00ab\u00a0:\u00ab\u00a00.1\u00ab\u00a0,\u00ab\u00a0color\u00ab\u00a0:\u00ab\u00a0\u00ab\u00a0,\u00ab\u00a0weight\u00ab\u00a0:\u00ab\u00a0inherit\u00ab\u00a0,\u00ab\u00a0style\u00ab\u00a0:\u00ab\u00a0inherit\u00ab\u00a0,\u00ab\u00a0use_custom_font\u00ab\u00a0:false}\u00a0\u00bb description_typo=\u00a0\u00bbnull\u00a0\u00bb][\/vc_column_inner][\/vc_row_inner][\/vc_column][vc_column width=\u00a0\u00bb5\/12&Prime;][vc_empty_space el_class=\u00a0\u00bbclb__spacer vc_hidden-lg vc_hidden-md vc_hidden-sm\u00a0\u00bb][ohio_heading subtitle_type_layout=\u00a0\u00bbwithout_subtitle\u00a0\u00bb module_type_layout=\u00a0\u00bbon_left\u00a0\u00bb heading_type=\u00a0\u00bbh5&Prime; title=\u00a0\u00bbSW5mb3JtYXRpb25zJTIwYWRkaXRpb25uZWxsZXMlMjAlM0E=\u00a0\u00bb title_typo=\u00a0\u00bbnull\u00a0\u00bb][ohio_text text_typo=\u00a0\u00bbnull\u00a0\u00bb]Aussi appel\u00e9 \u00ab\u00a0pagne indigo de Guin\u00e9e Conakry\u00a0\u00bb, le L\u00e9pi est l\u2019un des pagnes embl\u00e9matiques de ce pays d\u2019Afrique de l\u2019Ouest. C\u2019est un tissu traditionnel tr\u00e8s l\u00e9ger et enti\u00e8rement compos\u00e9 de mati\u00e8res naturelles, \u00e9cosses de bois et plantes v\u00e9g\u00e9tales pour sa teinture. Celui utilis\u00e9 pour cette tenue nous a \u00e9t\u00e9 fourni par notre partenaire <a href=\"http:\/\/www.chezgalama.com\/\">Galama<\/a>.[\/ohio_text][\/vc_column][\/vc_row]<\/p>\n","protected":false},"excerpt":{"rendered":"<p>Costume homme deux pi\u00e8ces slim fit courtes manches de couleur bleu fonc\u00e9, accompagn\u00e9 d\u2019une chemisette trois quart bleu fonc\u00e9 slim fit. Le costume est customis\u00e9 avec une \u0153uvre de l\u2019artiste S\u00e9n\u00e9galais Zeus Design. Cette cr\u00e9ation est sp\u00e9cialement destin\u00e9e aux cr\u00e9atifs et rebelles africains, les <em>Crazy Enough<\/em>.<\/p>\n<p>Ensemble confectionn\u00e9 sur-mesure et \u00e0 la main \u00e0 Dakar au S\u00e9n\u00e9gal. Nous recommandons de le porter avec une paire de sneakers noires. La veste peut \u00eatre command\u00e9e en version manches longues.<\/p>\n","protected":false},"featured_media":19085,"comment_status":"closed","ping_status":"closed","template":"","meta":[],"product_cat":[63],"product_tag":[33],"class_list":{"0":"post-19084","1":"product","2":"type-product","3":"status-publish","4":"has-post-thumbnail","6":"product_cat-chui","7":"product_tag-homme","9":"first","10":"outofstock","11":"sold-individually","12":"shipping-taxable","13":"purchasable","14":"product-type-simple"},"yoast_head":"<!-- This site is optimized with the Yoast SEO plugin v23.1 - https:\/\/yoast.com\/wordpress\/plugins\/seo\/ -->\n<title>Chui ZEUS - Maison YOKK<\/title>\n<meta name=\"description\" content=\"Costume homme deux pi\u00e8ces slim fit courtes manches de couleur bleu fonc\u00e9, accompagn\u00e9 d\u2019une chemisette trois quart bleu fonc\u00e9 slim fit.\" \/>\n<meta name=\"robots\" content=\"index, follow, max-snippet:-1, max-image-preview:large, max-video-preview:-1\" \/>\n<link rel=\"canonical\" href=\"https:\/\/yokkfamily.com\/index.php\/produit\/chui-zeus\/\" \/>\n<meta property=\"og:locale\" content=\"fr_FR\" \/>\n<meta property=\"og:type\" content=\"article\" \/>\n<meta property=\"og:title\" content=\"Chui ZEUS - Maison YOKK\" \/>\n<meta property=\"og:description\" content=\"Costume homme deux pi\u00e8ces slim fit courtes manches de couleur bleu fonc\u00e9, accompagn\u00e9 d\u2019une chemisette trois quart bleu fonc\u00e9 slim fit.\" \/>\n<meta property=\"og:url\" content=\"https:\/\/yokkfamily.com\/index.php\/produit\/chui-zeus\/\" \/>\n<meta property=\"og:site_name\" content=\"Maison YOKK\" \/>\n<meta property=\"article:modified_time\" content=\"2024-03-18T10:57:03+00:00\" \/>\n<meta property=\"og:image\" content=\"https:\/\/yokkfamily.com\/wp-content\/uploads\/2021\/11\/CHUE-01-scaled.jpg\" \/>\n\t<meta property=\"og:image:width\" content=\"1707\" \/>\n\t<meta property=\"og:image:height\" content=\"2560\" \/>\n\t<meta property=\"og:image:type\" content=\"image\/jpeg\" \/>\n<meta name=\"twitter:card\" content=\"summary_large_image\" \/>\n<meta name=\"twitter:label1\" content=\"Dur\u00e9e de lecture estim\u00e9e\" \/>\n\t<meta name=\"twitter:data1\" content=\"2 minutes\" \/>\n<script type=\"application\/ld+json\" class=\"yoast-schema-graph\">{\"@context\":\"https:\/\/schema.org\",\"@graph\":[{\"@type\":\"WebPage\",\"@id\":\"https:\/\/yokkfamily.com\/index.php\/produit\/chui-zeus\/\",\"url\":\"https:\/\/yokkfamily.com\/index.php\/produit\/chui-zeus\/\",\"name\":\"Chui ZEUS - Maison YOKK\",\"isPartOf\":{\"@id\":\"https:\/\/yokkfamily.com\/#website\"},\"primaryImageOfPage\":{\"@id\":\"https:\/\/yokkfamily.com\/index.php\/produit\/chui-zeus\/#primaryimage\"},\"image\":{\"@id\":\"https:\/\/yokkfamily.com\/index.php\/produit\/chui-zeus\/#primaryimage\"},\"thumbnailUrl\":\"https:\/\/yokkfamily.com\/wp-content\/uploads\/2021\/11\/CHUE-01-scaled.jpg\",\"datePublished\":\"2021-11-24T22:30:38+00:00\",\"dateModified\":\"2024-03-18T10:57:03+00:00\",\"description\":\"Costume homme deux pi\u00e8ces slim fit courtes manches de couleur bleu fonc\u00e9, accompagn\u00e9 d\u2019une chemisette trois quart bleu fonc\u00e9 slim fit.\",\"breadcrumb\":{\"@id\":\"https:\/\/yokkfamily.com\/index.php\/produit\/chui-zeus\/#breadcrumb\"},\"inLanguage\":\"fr-FR\",\"potentialAction\":[{\"@type\":\"ReadAction\",\"target\":[\"https:\/\/yokkfamily.com\/index.php\/produit\/chui-zeus\/\"]}]},{\"@type\":\"ImageObject\",\"inLanguage\":\"fr-FR\",\"@id\":\"https:\/\/yokkfamily.com\/index.php\/produit\/chui-zeus\/#primaryimage\",\"url\":\"https:\/\/yokkfamily.com\/wp-content\/uploads\/2021\/11\/CHUE-01-scaled.jpg\",\"contentUrl\":\"https:\/\/yokkfamily.com\/wp-content\/uploads\/2021\/11\/CHUE-01-scaled.jpg\",\"width\":1707,\"height\":2560},{\"@type\":\"BreadcrumbList\",\"@id\":\"https:\/\/yokkfamily.com\/index.php\/produit\/chui-zeus\/#breadcrumb\",\"itemListElement\":[{\"@type\":\"ListItem\",\"position\":1,\"name\":\"Accueil\",\"item\":\"https:\/\/yokkfamily.com\/\"},{\"@type\":\"ListItem\",\"position\":2,\"name\":\"Toutes nos collections\",\"item\":\"https:\/\/yokkfamily.com\/index.php\/boutique\/\"},{\"@type\":\"ListItem\",\"position\":3,\"name\":\"Chui ZEUS\"}]},{\"@type\":\"WebSite\",\"@id\":\"https:\/\/yokkfamily.com\/#website\",\"url\":\"https:\/\/yokkfamily.com\/\",\"name\":\"Maison YOKK\",\"description\":\"A travers la mode, nous r\u00e9v\u00e9lons l&#039;identit\u00e9 Africaine enfouie en chacun des n\u00f4tres.\",\"potentialAction\":[{\"@type\":\"SearchAction\",\"target\":{\"@type\":\"EntryPoint\",\"urlTemplate\":\"https:\/\/yokkfamily.com\/?s={search_term_string}\"},\"query-input\":\"required name=search_term_string\"}],\"inLanguage\":\"fr-FR\"}]}<\/script>\n<!-- \/ Yoast SEO plugin. -->","yoast_head_json":{"title":"Chui ZEUS - Maison YOKK","description":"Costume homme deux pi\u00e8ces slim fit courtes manches de couleur bleu fonc\u00e9, accompagn\u00e9 d\u2019une chemisette trois quart bleu fonc\u00e9 slim fit.","robots":{"index":"index","follow":"follow","max-snippet":"max-snippet:-1","max-image-preview":"max-image-preview:large","max-video-preview":"max-video-preview:-1"},"canonical":"https:\/\/yokkfamily.com\/index.php\/produit\/chui-zeus\/","og_locale":"fr_FR","og_type":"article","og_title":"Chui ZEUS - Maison YOKK","og_description":"Costume homme deux pi\u00e8ces slim fit courtes manches de couleur bleu fonc\u00e9, accompagn\u00e9 d\u2019une chemisette trois quart bleu fonc\u00e9 slim fit.","og_url":"https:\/\/yokkfamily.com\/index.php\/produit\/chui-zeus\/","og_site_name":"Maison YOKK","article_modified_time":"2024-03-18T10:57:03+00:00","og_image":[{"width":1707,"height":2560,"url":"https:\/\/yokkfamily.com\/wp-content\/uploads\/2021\/11\/CHUE-01-scaled.jpg","type":"image\/jpeg"}],"twitter_card":"summary_large_image","twitter_misc":{"Dur\u00e9e de lecture estim\u00e9e":"2 minutes"},"schema":{"@context":"https:\/\/schema.org","@graph":[{"@type":"WebPage","@id":"https:\/\/yokkfamily.com\/index.php\/produit\/chui-zeus\/","url":"https:\/\/yokkfamily.com\/index.php\/produit\/chui-zeus\/","name":"Chui ZEUS - Maison YOKK","isPartOf":{"@id":"https:\/\/yokkfamily.com\/#website"},"primaryImageOfPage":{"@id":"https:\/\/yokkfamily.com\/index.php\/produit\/chui-zeus\/#primaryimage"},"image":{"@id":"https:\/\/yokkfamily.com\/index.php\/produit\/chui-zeus\/#primaryimage"},"thumbnailUrl":"https:\/\/yokkfamily.com\/wp-content\/uploads\/2021\/11\/CHUE-01-scaled.jpg","datePublished":"2021-11-24T22:30:38+00:00","dateModified":"2024-03-18T10:57:03+00:00","description":"Costume homme deux pi\u00e8ces slim fit courtes manches de couleur bleu fonc\u00e9, accompagn\u00e9 d\u2019une chemisette trois quart bleu fonc\u00e9 slim fit.","breadcrumb":{"@id":"https:\/\/yokkfamily.com\/index.php\/produit\/chui-zeus\/#breadcrumb"},"inLanguage":"fr-FR","potentialAction":[{"@type":"ReadAction","target":["https:\/\/yokkfamily.com\/index.php\/produit\/chui-zeus\/"]}]},{"@type":"ImageObject","inLanguage":"fr-FR","@id":"https:\/\/yokkfamily.com\/index.php\/produit\/chui-zeus\/#primaryimage","url":"https:\/\/yokkfamily.com\/wp-content\/uploads\/2021\/11\/CHUE-01-scaled.jpg","contentUrl":"https:\/\/yokkfamily.com\/wp-content\/uploads\/2021\/11\/CHUE-01-scaled.jpg","width":1707,"height":2560},{"@type":"BreadcrumbList","@id":"https:\/\/yokkfamily.com\/index.php\/produit\/chui-zeus\/#breadcrumb","itemListElement":[{"@type":"ListItem","position":1,"name":"Accueil","item":"https:\/\/yokkfamily.com\/"},{"@type":"ListItem","position":2,"name":"Toutes nos collections","item":"https:\/\/yokkfamily.com\/index.php\/boutique\/"},{"@type":"ListItem","position":3,"name":"Chui ZEUS"}]},{"@type":"WebSite","@id":"https:\/\/yokkfamily.com\/#website","url":"https:\/\/yokkfamily.com\/","name":"Maison YOKK","description":"A travers la mode, nous r\u00e9v\u00e9lons l&#039;identit\u00e9 Africaine enfouie en chacun des n\u00f4tres.","potentialAction":[{"@type":"SearchAction","target":{"@type":"EntryPoint","urlTemplate":"https:\/\/yokkfamily.com\/?s={search_term_string}"},"query-input":"required name=search_term_string"}],"inLanguage":"fr-FR"}]}},"_links":{"self":[{"href":"https:\/\/yokkfamily.com\/index.php\/wp-json\/wp\/v2\/product\/19084"}],"collection":[{"href":"https:\/\/yokkfamily.com\/index.php\/wp-json\/wp\/v2\/product"}],"about":[{"href":"https:\/\/yokkfamily.com\/index.php\/wp-json\/wp\/v2\/types\/product"}],"replies":[{"embeddable":true,"href":"https:\/\/yokkfamily.com\/index.php\/wp-json\/wp\/v2\/comments?post=19084"}],"wp:featuredmedia":[{"embeddable":true,"href":"https:\/\/yokkfamily.com\/index.php\/wp-json\/wp\/v2\/media\/19085"}],"wp:attachment":[{"href":"https:\/\/yokkfamily.com\/index.php\/wp-json\/wp\/v2\/media?parent=19084"}],"wp:term":[{"taxonomy":"product_cat","embeddable":true,"href":"https:\/\/yokkfamily.com\/index.php\/wp-json\/wp\/v2\/product_cat?post=19084"},{"taxonomy":"product_tag","embeddable":true,"href":"https:\/\/yokkfamily.com\/index.php\/wp-json\/wp\/v2\/product_tag?post=19084"}],"curies":[{"name":"wp","href":"https:\/\/api.w.org\/{rel}","templated":true}]}}