{"id":18603,"date":"2020-08-13T13:32:43","date_gmt":"2020-08-13T13:32:43","guid":{"rendered":"http:\/\/localhost:8004\/?post_type=product&#038;p=18603"},"modified":"2023-02-02T16:38:55","modified_gmt":"2023-02-02T16:38:55","slug":"doomu-burr-khomeiny-y","status":"publish","type":"product","link":"https:\/\/yokkfamily.com\/index.php\/produit\/doomu-burr-khomeiny-y\/","title":{"rendered":"Doomu Burr KHOMEINY-Y"},"content":{"rendered":"<p>[vc_row side_background_title_typo=\u00a0\u00bbnull\u00a0\u00bb el_class=\u00a0\u00bbclb__padding_reset\u00a0\u00bb][vc_column width=\u00a0\u00bb7\/12&Prime;][ohio_heading subtitle_type_layout=\u00a0\u00bbwithout_subtitle\u00a0\u00bb module_type_layout=\u00a0\u00bbon_left\u00a0\u00bb heading_type=\u00a0\u00bbh5&Prime; title=\u00a0\u00bbRCVDMyVBOXRhaWxzJTIwZHUlMjBwcm9kdWl0JTIwJTNB\u00a0\u00bb title_typo=\u00a0\u00bbnull\u00a0\u00bb][ohio_text text_typo=\u00a0\u00bbnull\u00a0\u00bb]Le design du haut en denim noir est la fusion d&rsquo;une chemise italienne slim-fit, sans poche, avec un boubou traditionnel trois quart. Du pagne traditionnel Manjak tiss\u00e9 avec du fil or est patch\u00e9 \u00e0 l\u2019int\u00e9rieur de l\u2019encolure \u00e0 revers, \u00e0 int\u00e9rieur de la boutonni\u00e8re et \u00e0 l&rsquo;int\u00e9rieur des manchettes. Le m\u00eame pagne tiss\u00e9 se retrouve sur les pieds du pantacourt en denim noir.<\/p>\n<p>Deux lignes de cauris (la monnaie historique de l\u2019Afrique de l\u2019Ouest) sont cousues sur chaque \u00e9paulette de la chemise trois quart, et une \u0153uvre d\u2019art abstraite est peinte dans le dos. Cette toile unique est con\u00e7ue exclusivement \u00e0 chaque commande d\u2019un ensemble \u00ab\u00a0KHOMEINY-X\u00a0\u00bb ou d\u2019un ensemble \u00ab\u00a0KHOMEINY-Y\u00a0\u00bb.<\/p>\n<p>Les sandales sont fabriqu\u00e9es \u00e0 la main avec une semelle en cuir noir authentique, au-dessus de laquelle deux bandes en denim s\u2019entrecroisent et portent 4 \u00e9l\u00e9ments en cuir dont les couleurs renvoient \u00e0 celles du logo YOKK.<\/p>\n<p>Le nom \u00ab\u00a0KHOMEINY-Y\u00a0\u00bb donn\u00e9 \u00e0 cet ensemble est un hommage \u00e0 l\u2019artiste Khomeiny DIENG qui a peint la toile qui est dans le dos de la chemise.[\/ohio_text][vc_row_inner][vc_column_inner width=\u00a0\u00bb1\/3&Prime; offset=\u00a0\u00bbvc_col-xs-4&Prime;][vc_empty_space el_class=\u00a0\u00bbclb__spacer\u00a0\u00bb][ohio_icon_box box_type_layout=\u00a0\u00bbtop_icon\u00a0\u00bb box_alignment=\u00a0\u00bbleft\u00a0\u00bb icon_type_layout=\u00a0\u00bbborder\u00a0\u00bb title=\u00a0\u00bbPrise de mesure \u00e0 Dakar\u00a0\u00bb icon_as_icon=\u00a0\u00bbfa fab fa-person-booth\u00a0\u00bb title_typo=\u00a0\u00bb{\u00ab\u00a0font_size\u00ab\u00a0:\u00ab\u00a018\u00ab\u00a0,\u00ab\u00a0line_height\u00ab\u00a0:\u00ab\u00a0\u00ab\u00a0,\u00ab\u00a0letter_spacing\u00ab\u00a0:\u00ab\u00a00.1\u00ab\u00a0,\u00ab\u00a0color\u00ab\u00a0:\u00ab\u00a0\u00ab\u00a0,\u00ab\u00a0weight\u00ab\u00a0:\u00ab\u00a0inherit\u00ab\u00a0,\u00ab\u00a0style\u00ab\u00a0:\u00ab\u00a0inherit\u00ab\u00a0,\u00ab\u00a0use_custom_font\u00ab\u00a0:false}\u00a0\u00bb description_typo=\u00a0\u00bbnull\u00a0\u00bb][\/vc_column_inner][vc_column_inner width=\u00a0\u00bb1\/3&Prime; offset=\u00a0\u00bbvc_col-xs-4&Prime;][vc_empty_space el_class=\u00a0\u00bbclb__spacer\u00a0\u00bb][ohio_icon_box box_type_layout=\u00a0\u00bbtop_icon\u00a0\u00bb box_alignment=\u00a0\u00bbleft\u00a0\u00bb icon_type_layout=\u00a0\u00bbborder\u00a0\u00bb title=\u00a0\u00bbPayement \u00e0 la livraison\u00a0\u00bb icon_as_icon=\u00a0\u00bbfa fab fa-cash-register\u00a0\u00bb title_typo=\u00a0\u00bb{\u00ab\u00a0font_size\u00ab\u00a0:\u00ab\u00a018\u00ab\u00a0,\u00ab\u00a0line_height\u00ab\u00a0:\u00ab\u00a0\u00ab\u00a0,\u00ab\u00a0letter_spacing\u00ab\u00a0:\u00ab\u00a00.1\u00ab\u00a0,\u00ab\u00a0color\u00ab\u00a0:\u00ab\u00a0\u00ab\u00a0,\u00ab\u00a0weight\u00ab\u00a0:\u00ab\u00a0inherit\u00ab\u00a0,\u00ab\u00a0style\u00ab\u00a0:\u00ab\u00a0inherit\u00ab\u00a0,\u00ab\u00a0use_custom_font\u00ab\u00a0:false}\u00a0\u00bb description_typo=\u00a0\u00bbnull\u00a0\u00bb][\/vc_column_inner][vc_column_inner width=\u00a0\u00bb1\/3&Prime; offset=\u00a0\u00bbvc_col-xs-4&Prime;][vc_empty_space el_class=\u00a0\u00bbclb__spacer\u00a0\u00bb][ohio_icon_box box_type_layout=\u00a0\u00bbtop_icon\u00a0\u00bb box_alignment=\u00a0\u00bbleft\u00a0\u00bb icon_type_layout=\u00a0\u00bbborder\u00a0\u00bb title=\u00a0\u00bbLivraison gratuite \u00e0 Dakar\u00a0\u00bb icon_as_icon=\u00a0\u00bbfa fab fa-shipping-fast\u00a0\u00bb title_typo=\u00a0\u00bb{\u00ab\u00a0font_size\u00ab\u00a0:\u00ab\u00a018\u00ab\u00a0,\u00ab\u00a0line_height\u00ab\u00a0:\u00ab\u00a0\u00ab\u00a0,\u00ab\u00a0letter_spacing\u00ab\u00a0:\u00ab\u00a00.1\u00ab\u00a0,\u00ab\u00a0color\u00ab\u00a0:\u00ab\u00a0\u00ab\u00a0,\u00ab\u00a0weight\u00ab\u00a0:\u00ab\u00a0inherit\u00ab\u00a0,\u00ab\u00a0style\u00ab\u00a0:\u00ab\u00a0inherit\u00ab\u00a0,\u00ab\u00a0use_custom_font\u00ab\u00a0:false}\u00a0\u00bb description_typo=\u00a0\u00bbnull\u00a0\u00bb][\/vc_column_inner][\/vc_row_inner][\/vc_column][vc_column width=\u00a0\u00bb5\/12&Prime;][vc_empty_space el_class=\u00a0\u00bbclb__spacer vc_hidden-lg vc_hidden-md vc_hidden-sm\u00a0\u00bb][ohio_heading subtitle_type_layout=\u00a0\u00bbwithout_subtitle\u00a0\u00bb module_type_layout=\u00a0\u00bbon_left\u00a0\u00bb heading_type=\u00a0\u00bbh5&Prime; title=\u00a0\u00bbSW5mb3JtYXRpb25zJTIwYWRkaXRpb25uZWxsZXMlMjAlM0E=\u00a0\u00bb title_typo=\u00a0\u00bbnull\u00a0\u00bb][ohio_text text_typo=\u00a0\u00bbnull\u00a0\u00bb]Tr\u00e8s pris\u00e9 \u00e0 Dakar, le pagne traditionnel Manjak peut \u00eatre tiss\u00e9 avec une grande vari\u00e9t\u00e9 de motifs et avec des fils de couleurs diverses. Il est tiss\u00e9 \u00e0 la main par des ma\u00eetres tisserands dont le savoir-faire, qui se transmet de p\u00e8re en fils, est r\u00e9serv\u00e9 aux communaut\u00e9s du peuple Manjak. Ce peuple vit principalement en Guin\u00e9e-Bissau, au S\u00e9n\u00e9gal, et en Gambie.<\/p>\n<p>Le pagne tiss\u00e9 Manjak or utilis\u00e9 pour la confection de la tenue \u00ab\u00a0Ndoomu Burr KHOMEINY-Y\u00a0\u00bb a \u00e9t\u00e9 tiss\u00e9 \u00e0 la main \u00e0 Dakar par la coop\u00e9rative <a href=\"https:\/\/www.facebook.com\/acomatextiles\/\">Acoma<\/a>.[\/ohio_text][\/vc_column][\/vc_row]<\/p>\n","protected":false},"excerpt":{"rendered":"<p>Ensemble tradi-moderne pour hommes compos\u00e9 d&rsquo;une chemise trois quart slim fit en denim noir, d&rsquo;un pantacourt slim fit en denim noir et d&rsquo;une paire de sandales Africaines, tous confectionn\u00e9s sur-mesure et \u00e0 la main \u00e0 Dakar au S\u00e9n\u00e9gal.<\/p>\n<p>Cet ensemble hors du commun, \u00e0 la fois tr\u00e8s \u00e9l\u00e9gant et tr\u00e8s confortable en saison estivale, vous permettra d\u2019ajouter une touche Afro-futuriste \u00e0 votre garde-robe. Il est r\u00e9serv\u00e9 aux jeunes afro optimistes qui croient plus que jamais en un continent Africain prosp\u00e8re et port\u00e9 par son authenticit\u00e9 culturelle et par la cr\u00e9ativit\u00e9 de ses fils et filles.<\/p>\n","protected":false},"featured_media":18809,"comment_status":"open","ping_status":"closed","template":"","meta":[],"product_cat":[74],"product_tag":[33],"class_list":{"0":"post-18603","1":"product","2":"type-product","3":"status-publish","4":"has-post-thumbnail","6":"product_cat-dbu20","7":"product_tag-homme","9":"first","10":"instock","11":"sold-individually","12":"shipping-taxable","13":"purchasable","14":"product-type-simple"},"yoast_head":"<!-- This site is optimized with the Yoast SEO plugin v23.1 - https:\/\/yoast.com\/wordpress\/plugins\/seo\/ -->\n<title>Doomu Burr KHOMEINY-Y - Maison YOKK<\/title>\n<meta name=\"robots\" content=\"index, follow, max-snippet:-1, max-image-preview:large, max-video-preview:-1\" \/>\n<link rel=\"canonical\" href=\"https:\/\/yokkfamily.com\/index.php\/produit\/doomu-burr-khomeiny-y\/\" \/>\n<meta property=\"og:locale\" content=\"fr_FR\" \/>\n<meta property=\"og:type\" content=\"article\" \/>\n<meta property=\"og:title\" content=\"Doomu Burr KHOMEINY-Y - Maison YOKK\" \/>\n<meta property=\"og:description\" content=\"Ensemble tradi-moderne pour hommes compos\u00e9 d&#039;une chemise trois quart slim fit en denim noir, d&#039;un pantacourt slim fit en denim noir et d&#039;une paire de sandales Africaines, tous confectionn\u00e9s sur-mesure et \u00e0 la main \u00e0 Dakar au S\u00e9n\u00e9gal.  Cet ensemble hors du commun, \u00e0 la fois tr\u00e8s \u00e9l\u00e9gant et tr\u00e8s confortable en saison estivale, vous permettra d\u2019ajouter une touche Afro-futuriste \u00e0 votre garde-robe. Il est r\u00e9serv\u00e9 aux jeunes afro optimistes qui croient plus que jamais en un continent Africain prosp\u00e8re et port\u00e9 par son authenticit\u00e9 culturelle et par la cr\u00e9ativit\u00e9 de ses fils et filles.\" \/>\n<meta property=\"og:url\" content=\"https:\/\/yokkfamily.com\/index.php\/produit\/doomu-burr-khomeiny-y\/\" \/>\n<meta property=\"og:site_name\" content=\"Maison YOKK\" \/>\n<meta property=\"article:modified_time\" content=\"2023-02-02T16:38:55+00:00\" \/>\n<meta property=\"og:image\" content=\"https:\/\/yokkfamily.com\/wp-content\/uploads\/2020\/09\/y-1.jpg\" \/>\n\t<meta property=\"og:image:width\" content=\"1000\" \/>\n\t<meta property=\"og:image:height\" content=\"1500\" \/>\n\t<meta property=\"og:image:type\" content=\"image\/jpeg\" \/>\n<meta name=\"twitter:card\" content=\"summary_large_image\" \/>\n<meta name=\"twitter:label1\" content=\"Dur\u00e9e de lecture estim\u00e9e\" \/>\n\t<meta name=\"twitter:data1\" content=\"3 minutes\" \/>\n<script type=\"application\/ld+json\" class=\"yoast-schema-graph\">{\"@context\":\"https:\/\/schema.org\",\"@graph\":[{\"@type\":\"WebPage\",\"@id\":\"https:\/\/yokkfamily.com\/index.php\/produit\/doomu-burr-khomeiny-y\/\",\"url\":\"https:\/\/yokkfamily.com\/index.php\/produit\/doomu-burr-khomeiny-y\/\",\"name\":\"Doomu Burr KHOMEINY-Y - Maison YOKK\",\"isPartOf\":{\"@id\":\"https:\/\/yokkfamily.com\/#website\"},\"primaryImageOfPage\":{\"@id\":\"https:\/\/yokkfamily.com\/index.php\/produit\/doomu-burr-khomeiny-y\/#primaryimage\"},\"image\":{\"@id\":\"https:\/\/yokkfamily.com\/index.php\/produit\/doomu-burr-khomeiny-y\/#primaryimage\"},\"thumbnailUrl\":\"https:\/\/yokkfamily.com\/wp-content\/uploads\/2020\/09\/y-1.jpg\",\"datePublished\":\"2020-08-13T13:32:43+00:00\",\"dateModified\":\"2023-02-02T16:38:55+00:00\",\"breadcrumb\":{\"@id\":\"https:\/\/yokkfamily.com\/index.php\/produit\/doomu-burr-khomeiny-y\/#breadcrumb\"},\"inLanguage\":\"fr-FR\",\"potentialAction\":[{\"@type\":\"ReadAction\",\"target\":[\"https:\/\/yokkfamily.com\/index.php\/produit\/doomu-burr-khomeiny-y\/\"]}]},{\"@type\":\"ImageObject\",\"inLanguage\":\"fr-FR\",\"@id\":\"https:\/\/yokkfamily.com\/index.php\/produit\/doomu-burr-khomeiny-y\/#primaryimage\",\"url\":\"https:\/\/yokkfamily.com\/wp-content\/uploads\/2020\/09\/y-1.jpg\",\"contentUrl\":\"https:\/\/yokkfamily.com\/wp-content\/uploads\/2020\/09\/y-1.jpg\",\"width\":1000,\"height\":1500},{\"@type\":\"BreadcrumbList\",\"@id\":\"https:\/\/yokkfamily.com\/index.php\/produit\/doomu-burr-khomeiny-y\/#breadcrumb\",\"itemListElement\":[{\"@type\":\"ListItem\",\"position\":1,\"name\":\"Accueil\",\"item\":\"https:\/\/yokkfamily.com\/\"},{\"@type\":\"ListItem\",\"position\":2,\"name\":\"Toutes nos collections\",\"item\":\"https:\/\/yokkfamily.com\/index.php\/boutique\/\"},{\"@type\":\"ListItem\",\"position\":3,\"name\":\"Doomu Burr KHOMEINY-Y\"}]},{\"@type\":\"WebSite\",\"@id\":\"https:\/\/yokkfamily.com\/#website\",\"url\":\"https:\/\/yokkfamily.com\/\",\"name\":\"Maison YOKK\",\"description\":\"A travers la mode, nous r\u00e9v\u00e9lons l&#039;identit\u00e9 Africaine enfouie en chacun des n\u00f4tres.\",\"potentialAction\":[{\"@type\":\"SearchAction\",\"target\":{\"@type\":\"EntryPoint\",\"urlTemplate\":\"https:\/\/yokkfamily.com\/?s={search_term_string}\"},\"query-input\":\"required name=search_term_string\"}],\"inLanguage\":\"fr-FR\"}]}<\/script>\n<!-- \/ Yoast SEO plugin. -->","yoast_head_json":{"title":"Doomu Burr KHOMEINY-Y - Maison YOKK","robots":{"index":"index","follow":"follow","max-snippet":"max-snippet:-1","max-image-preview":"max-image-preview:large","max-video-preview":"max-video-preview:-1"},"canonical":"https:\/\/yokkfamily.com\/index.php\/produit\/doomu-burr-khomeiny-y\/","og_locale":"fr_FR","og_type":"article","og_title":"Doomu Burr KHOMEINY-Y - Maison YOKK","og_description":"Ensemble tradi-moderne pour hommes compos\u00e9 d'une chemise trois quart slim fit en denim noir, d'un pantacourt slim fit en denim noir et d'une paire de sandales Africaines, tous confectionn\u00e9s sur-mesure et \u00e0 la main \u00e0 Dakar au S\u00e9n\u00e9gal.  Cet ensemble hors du commun, \u00e0 la fois tr\u00e8s \u00e9l\u00e9gant et tr\u00e8s confortable en saison estivale, vous permettra d\u2019ajouter une touche Afro-futuriste \u00e0 votre garde-robe. Il est r\u00e9serv\u00e9 aux jeunes afro optimistes qui croient plus que jamais en un continent Africain prosp\u00e8re et port\u00e9 par son authenticit\u00e9 culturelle et par la cr\u00e9ativit\u00e9 de ses fils et filles.","og_url":"https:\/\/yokkfamily.com\/index.php\/produit\/doomu-burr-khomeiny-y\/","og_site_name":"Maison YOKK","article_modified_time":"2023-02-02T16:38:55+00:00","og_image":[{"width":1000,"height":1500,"url":"https:\/\/yokkfamily.com\/wp-content\/uploads\/2020\/09\/y-1.jpg","type":"image\/jpeg"}],"twitter_card":"summary_large_image","twitter_misc":{"Dur\u00e9e de lecture estim\u00e9e":"3 minutes"},"schema":{"@context":"https:\/\/schema.org","@graph":[{"@type":"WebPage","@id":"https:\/\/yokkfamily.com\/index.php\/produit\/doomu-burr-khomeiny-y\/","url":"https:\/\/yokkfamily.com\/index.php\/produit\/doomu-burr-khomeiny-y\/","name":"Doomu Burr KHOMEINY-Y - Maison YOKK","isPartOf":{"@id":"https:\/\/yokkfamily.com\/#website"},"primaryImageOfPage":{"@id":"https:\/\/yokkfamily.com\/index.php\/produit\/doomu-burr-khomeiny-y\/#primaryimage"},"image":{"@id":"https:\/\/yokkfamily.com\/index.php\/produit\/doomu-burr-khomeiny-y\/#primaryimage"},"thumbnailUrl":"https:\/\/yokkfamily.com\/wp-content\/uploads\/2020\/09\/y-1.jpg","datePublished":"2020-08-13T13:32:43+00:00","dateModified":"2023-02-02T16:38:55+00:00","breadcrumb":{"@id":"https:\/\/yokkfamily.com\/index.php\/produit\/doomu-burr-khomeiny-y\/#breadcrumb"},"inLanguage":"fr-FR","potentialAction":[{"@type":"ReadAction","target":["https:\/\/yokkfamily.com\/index.php\/produit\/doomu-burr-khomeiny-y\/"]}]},{"@type":"ImageObject","inLanguage":"fr-FR","@id":"https:\/\/yokkfamily.com\/index.php\/produit\/doomu-burr-khomeiny-y\/#primaryimage","url":"https:\/\/yokkfamily.com\/wp-content\/uploads\/2020\/09\/y-1.jpg","contentUrl":"https:\/\/yokkfamily.com\/wp-content\/uploads\/2020\/09\/y-1.jpg","width":1000,"height":1500},{"@type":"BreadcrumbList","@id":"https:\/\/yokkfamily.com\/index.php\/produit\/doomu-burr-khomeiny-y\/#breadcrumb","itemListElement":[{"@type":"ListItem","position":1,"name":"Accueil","item":"https:\/\/yokkfamily.com\/"},{"@type":"ListItem","position":2,"name":"Toutes nos collections","item":"https:\/\/yokkfamily.com\/index.php\/boutique\/"},{"@type":"ListItem","position":3,"name":"Doomu Burr KHOMEINY-Y"}]},{"@type":"WebSite","@id":"https:\/\/yokkfamily.com\/#website","url":"https:\/\/yokkfamily.com\/","name":"Maison YOKK","description":"A travers la mode, nous r\u00e9v\u00e9lons l&#039;identit\u00e9 Africaine enfouie en chacun des n\u00f4tres.","potentialAction":[{"@type":"SearchAction","target":{"@type":"EntryPoint","urlTemplate":"https:\/\/yokkfamily.com\/?s={search_term_string}"},"query-input":"required name=search_term_string"}],"inLanguage":"fr-FR"}]}},"_links":{"self":[{"href":"https:\/\/yokkfamily.com\/index.php\/wp-json\/wp\/v2\/product\/18603"}],"collection":[{"href":"https:\/\/yokkfamily.com\/index.php\/wp-json\/wp\/v2\/product"}],"about":[{"href":"https:\/\/yokkfamily.com\/index.php\/wp-json\/wp\/v2\/types\/product"}],"replies":[{"embeddable":true,"href":"https:\/\/yokkfamily.com\/index.php\/wp-json\/wp\/v2\/comments?post=18603"}],"wp:featuredmedia":[{"embeddable":true,"href":"https:\/\/yokkfamily.com\/index.php\/wp-json\/wp\/v2\/media\/18809"}],"wp:attachment":[{"href":"https:\/\/yokkfamily.com\/index.php\/wp-json\/wp\/v2\/media?parent=18603"}],"wp:term":[{"taxonomy":"product_cat","embeddable":true,"href":"https:\/\/yokkfamily.com\/index.php\/wp-json\/wp\/v2\/product_cat?post=18603"},{"taxonomy":"product_tag","embeddable":true,"href":"https:\/\/yokkfamily.com\/index.php\/wp-json\/wp\/v2\/product_tag?post=18603"}],"curies":[{"name":"wp","href":"https:\/\/api.w.org\/{rel}","templated":true}]}}